{"id":1777,"date":"2025-07-03T16:19:20","date_gmt":"2025-07-03T14:19:20","guid":{"rendered":"https:\/\/www.signatech.fr\/index.php\/produit\/igloo-gonflable-en-pvc-sur-mesure\/"},"modified":"2025-07-17T15:59:31","modified_gmt":"2025-07-17T13:59:31","slug":"igloo-gonflable-en-pvc-sur-mesure","status":"publish","type":"product","link":"https:\/\/www.signatech.fr\/index.php\/produit\/igloo-gonflable-en-pvc-sur-mesure\/","title":{"rendered":"Igloo gonflable en PVC sur-mesure"},"content":{"rendered":"<p>Structure gonflable personnalisable \u2013 Impression directe fullprint \u2013 Dimensions \u00e0 la demande. Optez pour une solution originale, impactante et enti\u00e8rement personnalisable pour vos \u00e9v\u00e9nements indoor ou outdoor. Cet igloo gonflable en PVC sur-mesure est con\u00e7u pour s\u2019adapter \u00e0 toutes vos contraintes techniques et visuelles. Pourquoi choisir notre igloo gonflable en PVC ? Structure solide et r\u00e9sistante, adapt\u00e9e \u00e0 une utilisation int\u00e9rieure comme ext\u00e9rieure. Impression haute qualit\u00e9 sur toute la surface (fullprint). Dimensions personnalisables selon vos besoins. Installation rapide et facile. Production rapide et livraison partout en France. Applications possibles : Id\u00e9al pour vos \u00e9v\u00e9nements, salons, op\u00e9rations de street marketing, lancements de produit ou zones d\u2019accueil immersives. L\u2019igloo cr\u00e9e un espace ferm\u00e9 et visuellement marquant pour attirer et accueillir vos visiteurs. Commandez simplement en ligne. Gr\u00e2ce \u00e0 notre interface intuitive, configurez votre igloo en quelques clics. Un besoin sp\u00e9cifique ? Notre \u00e9quipe est l\u00e0 pour vous conseiller et vous accompagner dans la r\u00e9alisation de votre projet sur-mesure.<\/p>\n","protected":false},"excerpt":{"rendered":"<p>Structure gonflable personnalisable \u2013 Impression directe fullprint \u2013 Dimensions \u00e0 la demande. Optez pour une solution originale, impactante et enti\u00e8rement personnalisable pour vos \u00e9v\u00e9nements indoor ou outdoor. Cet igloo gonflable en PVC sur-mesure est con\u00e7u pour s\u2019adapter \u00e0 toutes vos contraintes techniques et visuelles. Pourquoi choisir notre igloo gonflable en PVC ? Structure solide et r\u00e9sistante, adapt\u00e9e \u00e0 une utilisation int\u00e9rieure comme ext\u00e9rieure. Impression haute qualit\u00e9 sur toute la surface (fullprint). Dimensions personnalisables selon vos besoins. Installation rapide et facile. Production rapide et livraison partout en France. Applications possibles : Id\u00e9al pour vos \u00e9v\u00e9nements, salons, op\u00e9rations de street marketing, lancements de produit ou zones d\u2019accueil immersives. L\u2019igloo cr\u00e9e un espace ferm\u00e9 et visuellement marquant pour attirer et accueillir vos visiteurs. Commandez simplement en ligne. Gr\u00e2ce \u00e0 notre interface intuitive, configurez votre igloo en quelques clics. Un besoin sp\u00e9cifique ? Notre \u00e9quipe est l\u00e0 pour vous conseiller et vous accompagner dans la r\u00e9alisation de votre projet sur-mesure.<\/p>\n","protected":false},"featured_media":1358,"comment_status":"open","ping_status":"closed","template":"","meta":[],"product_brand":[],"product_cat":[452,441],"product_tag":[],"class_list":{"0":"post-1777","1":"product","2":"type-product","3":"status-publish","4":"has-post-thumbnail","6":"product_cat-igloo","7":"product_cat-nos-gonflables","9":"first","10":"instock","11":"shipping-taxable","12":"product-type-simple"},"yoast_head":"<!-- This site is optimized with the Yoast SEO plugin v25.5 - https:\/\/yoast.com\/wordpress\/plugins\/seo\/ -->\n<title>Igloo gonflable en PVC sur-mesure - SIGNATECH<\/title>\n<meta name=\"robots\" content=\"index, follow, max-snippet:-1, max-image-preview:large, max-video-preview:-1\" \/>\n<link rel=\"canonical\" href=\"https:\/\/www.signatech.fr\/index.php\/produit\/igloo-gonflable-en-pvc-sur-mesure\/\" \/>\n<meta property=\"og:locale\" content=\"fr_FR\" \/>\n<meta property=\"og:type\" content=\"article\" \/>\n<meta property=\"og:title\" content=\"Igloo gonflable en PVC sur-mesure - SIGNATECH\" \/>\n<meta property=\"og:description\" content=\"Structure gonflable personnalisable \u2013 Impression directe fullprint \u2013 Dimensions \u00e0 la demande. Optez pour une solution originale, impactante et enti\u00e8rement personnalisable pour vos \u00e9v\u00e9nements indoor ou outdoor. Cet igloo gonflable en PVC sur-mesure est con\u00e7u pour s\u2019adapter \u00e0 toutes vos contraintes techniques et visuelles. Pourquoi choisir notre igloo gonflable en PVC ? Structure solide et r\u00e9sistante, adapt\u00e9e \u00e0 une utilisation int\u00e9rieure comme ext\u00e9rieure. Impression haute qualit\u00e9 sur toute la surface (fullprint). Dimensions personnalisables selon vos besoins. Installation rapide et facile. Production rapide et livraison partout en France. Applications possibles : Id\u00e9al pour vos \u00e9v\u00e9nements, salons, op\u00e9rations de street marketing, lancements de produit ou zones d\u2019accueil immersives. L\u2019igloo cr\u00e9e un espace ferm\u00e9 et visuellement marquant pour attirer et accueillir vos visiteurs. Commandez simplement en ligne. Gr\u00e2ce \u00e0 notre interface intuitive, configurez votre igloo en quelques clics. Un besoin sp\u00e9cifique ? Notre \u00e9quipe est l\u00e0 pour vous conseiller et vous accompagner dans la r\u00e9alisation de votre projet sur-mesure.\" \/>\n<meta property=\"og:url\" content=\"https:\/\/www.signatech.fr\/index.php\/produit\/igloo-gonflable-en-pvc-sur-mesure\/\" \/>\n<meta property=\"og:site_name\" content=\"SIGNATECH\" \/>\n<meta property=\"article:modified_time\" content=\"2025-07-17T13:59:31+00:00\" \/>\n<meta property=\"og:image\" content=\"https:\/\/www.signatech.fr\/wp-content\/uploads\/2025\/07\/SG012-IGLOO-webp.webp\" \/>\n\t<meta property=\"og:image:width\" content=\"2396\" \/>\n\t<meta property=\"og:image:height\" content=\"1200\" \/>\n\t<meta property=\"og:image:type\" content=\"image\/webp\" \/>\n<meta name=\"twitter:card\" content=\"summary_large_image\" \/>\n<meta name=\"twitter:label1\" content=\"Dur\u00e9e de lecture estim\u00e9e\" \/>\n\t<meta name=\"twitter:data1\" content=\"1 minute\" \/>\n<script type=\"application\/ld+json\" class=\"yoast-schema-graph\">{\"@context\":\"https:\/\/schema.org\",\"@graph\":[{\"@type\":\"WebPage\",\"@id\":\"https:\/\/www.signatech.fr\/index.php\/produit\/igloo-gonflable-en-pvc-sur-mesure\/\",\"url\":\"https:\/\/www.signatech.fr\/index.php\/produit\/igloo-gonflable-en-pvc-sur-mesure\/\",\"name\":\"Igloo gonflable en PVC sur-mesure - SIGNATECH\",\"isPartOf\":{\"@id\":\"https:\/\/www.signatech.fr\/#website\"},\"primaryImageOfPage\":{\"@id\":\"https:\/\/www.signatech.fr\/index.php\/produit\/igloo-gonflable-en-pvc-sur-mesure\/#primaryimage\"},\"image\":{\"@id\":\"https:\/\/www.signatech.fr\/index.php\/produit\/igloo-gonflable-en-pvc-sur-mesure\/#primaryimage\"},\"thumbnailUrl\":\"https:\/\/www.signatech.fr\/wp-content\/uploads\/2025\/07\/SG012-IGLOO-webp.webp\",\"datePublished\":\"2025-07-03T14:19:20+00:00\",\"dateModified\":\"2025-07-17T13:59:31+00:00\",\"breadcrumb\":{\"@id\":\"https:\/\/www.signatech.fr\/index.php\/produit\/igloo-gonflable-en-pvc-sur-mesure\/#breadcrumb\"},\"inLanguage\":\"fr-FR\",\"potentialAction\":[{\"@type\":\"ReadAction\",\"target\":[\"https:\/\/www.signatech.fr\/index.php\/produit\/igloo-gonflable-en-pvc-sur-mesure\/\"]}]},{\"@type\":\"ImageObject\",\"inLanguage\":\"fr-FR\",\"@id\":\"https:\/\/www.signatech.fr\/index.php\/produit\/igloo-gonflable-en-pvc-sur-mesure\/#primaryimage\",\"url\":\"https:\/\/www.signatech.fr\/wp-content\/uploads\/2025\/07\/SG012-IGLOO-webp.webp\",\"contentUrl\":\"https:\/\/www.signatech.fr\/wp-content\/uploads\/2025\/07\/SG012-IGLOO-webp.webp\",\"width\":2396,\"height\":1200},{\"@type\":\"BreadcrumbList\",\"@id\":\"https:\/\/www.signatech.fr\/index.php\/produit\/igloo-gonflable-en-pvc-sur-mesure\/#breadcrumb\",\"itemListElement\":[{\"@type\":\"ListItem\",\"position\":1,\"name\":\"Accueil\",\"item\":\"https:\/\/www.signatech.fr\/\"},{\"@type\":\"ListItem\",\"position\":2,\"name\":\"Produits\",\"item\":\"https:\/\/www.signatech.fr\/index.php\/shop\/\"},{\"@type\":\"ListItem\",\"position\":3,\"name\":\"Igloo gonflable en PVC sur-mesure\"}]},{\"@type\":\"WebSite\",\"@id\":\"https:\/\/www.signatech.fr\/#website\",\"url\":\"https:\/\/www.signatech.fr\/\",\"name\":\"SIGNATECH\",\"description\":\"\",\"publisher\":{\"@id\":\"https:\/\/www.signatech.fr\/#organization\"},\"potentialAction\":[{\"@type\":\"SearchAction\",\"target\":{\"@type\":\"EntryPoint\",\"urlTemplate\":\"https:\/\/www.signatech.fr\/?s={search_term_string}\"},\"query-input\":{\"@type\":\"PropertyValueSpecification\",\"valueRequired\":true,\"valueName\":\"search_term_string\"}}],\"inLanguage\":\"fr-FR\"},{\"@type\":\"Organization\",\"@id\":\"https:\/\/www.signatech.fr\/#organization\",\"name\":\"SIGNATECH\",\"url\":\"https:\/\/www.signatech.fr\/\",\"logo\":{\"@type\":\"ImageObject\",\"inLanguage\":\"fr-FR\",\"@id\":\"https:\/\/www.signatech.fr\/#\/schema\/logo\/image\/\",\"url\":\"https:\/\/www.signatech.fr\/wp-content\/uploads\/2025\/06\/Group-11.png\",\"contentUrl\":\"https:\/\/www.signatech.fr\/wp-content\/uploads\/2025\/06\/Group-11.png\",\"width\":96,\"height\":96,\"caption\":\"SIGNATECH\"},\"image\":{\"@id\":\"https:\/\/www.signatech.fr\/#\/schema\/logo\/image\/\"}}]}<\/script>\n<!-- \/ Yoast SEO plugin. -->","yoast_head_json":{"title":"Igloo gonflable en PVC sur-mesure - SIGNATECH","robots":{"index":"index","follow":"follow","max-snippet":"max-snippet:-1","max-image-preview":"max-image-preview:large","max-video-preview":"max-video-preview:-1"},"canonical":"https:\/\/www.signatech.fr\/index.php\/produit\/igloo-gonflable-en-pvc-sur-mesure\/","og_locale":"fr_FR","og_type":"article","og_title":"Igloo gonflable en PVC sur-mesure - SIGNATECH","og_description":"Structure gonflable personnalisable \u2013 Impression directe fullprint \u2013 Dimensions \u00e0 la demande. Optez pour une solution originale, impactante et enti\u00e8rement personnalisable pour vos \u00e9v\u00e9nements indoor ou outdoor. Cet igloo gonflable en PVC sur-mesure est con\u00e7u pour s\u2019adapter \u00e0 toutes vos contraintes techniques et visuelles. Pourquoi choisir notre igloo gonflable en PVC ? Structure solide et r\u00e9sistante, adapt\u00e9e \u00e0 une utilisation int\u00e9rieure comme ext\u00e9rieure. Impression haute qualit\u00e9 sur toute la surface (fullprint). Dimensions personnalisables selon vos besoins. Installation rapide et facile. Production rapide et livraison partout en France. Applications possibles : Id\u00e9al pour vos \u00e9v\u00e9nements, salons, op\u00e9rations de street marketing, lancements de produit ou zones d\u2019accueil immersives. L\u2019igloo cr\u00e9e un espace ferm\u00e9 et visuellement marquant pour attirer et accueillir vos visiteurs. Commandez simplement en ligne. Gr\u00e2ce \u00e0 notre interface intuitive, configurez votre igloo en quelques clics. Un besoin sp\u00e9cifique ? Notre \u00e9quipe est l\u00e0 pour vous conseiller et vous accompagner dans la r\u00e9alisation de votre projet sur-mesure.","og_url":"https:\/\/www.signatech.fr\/index.php\/produit\/igloo-gonflable-en-pvc-sur-mesure\/","og_site_name":"SIGNATECH","article_modified_time":"2025-07-17T13:59:31+00:00","og_image":[{"width":2396,"height":1200,"url":"https:\/\/www.signatech.fr\/wp-content\/uploads\/2025\/07\/SG012-IGLOO-webp.webp","type":"image\/webp"}],"twitter_card":"summary_large_image","twitter_misc":{"Dur\u00e9e de lecture estim\u00e9e":"1 minute"},"schema":{"@context":"https:\/\/schema.org","@graph":[{"@type":"WebPage","@id":"https:\/\/www.signatech.fr\/index.php\/produit\/igloo-gonflable-en-pvc-sur-mesure\/","url":"https:\/\/www.signatech.fr\/index.php\/produit\/igloo-gonflable-en-pvc-sur-mesure\/","name":"Igloo gonflable en PVC sur-mesure - SIGNATECH","isPartOf":{"@id":"https:\/\/www.signatech.fr\/#website"},"primaryImageOfPage":{"@id":"https:\/\/www.signatech.fr\/index.php\/produit\/igloo-gonflable-en-pvc-sur-mesure\/#primaryimage"},"image":{"@id":"https:\/\/www.signatech.fr\/index.php\/produit\/igloo-gonflable-en-pvc-sur-mesure\/#primaryimage"},"thumbnailUrl":"https:\/\/www.signatech.fr\/wp-content\/uploads\/2025\/07\/SG012-IGLOO-webp.webp","datePublished":"2025-07-03T14:19:20+00:00","dateModified":"2025-07-17T13:59:31+00:00","breadcrumb":{"@id":"https:\/\/www.signatech.fr\/index.php\/produit\/igloo-gonflable-en-pvc-sur-mesure\/#breadcrumb"},"inLanguage":"fr-FR","potentialAction":[{"@type":"ReadAction","target":["https:\/\/www.signatech.fr\/index.php\/produit\/igloo-gonflable-en-pvc-sur-mesure\/"]}]},{"@type":"ImageObject","inLanguage":"fr-FR","@id":"https:\/\/www.signatech.fr\/index.php\/produit\/igloo-gonflable-en-pvc-sur-mesure\/#primaryimage","url":"https:\/\/www.signatech.fr\/wp-content\/uploads\/2025\/07\/SG012-IGLOO-webp.webp","contentUrl":"https:\/\/www.signatech.fr\/wp-content\/uploads\/2025\/07\/SG012-IGLOO-webp.webp","width":2396,"height":1200},{"@type":"BreadcrumbList","@id":"https:\/\/www.signatech.fr\/index.php\/produit\/igloo-gonflable-en-pvc-sur-mesure\/#breadcrumb","itemListElement":[{"@type":"ListItem","position":1,"name":"Accueil","item":"https:\/\/www.signatech.fr\/"},{"@type":"ListItem","position":2,"name":"Produits","item":"https:\/\/www.signatech.fr\/index.php\/shop\/"},{"@type":"ListItem","position":3,"name":"Igloo gonflable en PVC sur-mesure"}]},{"@type":"WebSite","@id":"https:\/\/www.signatech.fr\/#website","url":"https:\/\/www.signatech.fr\/","name":"SIGNATECH","description":"","publisher":{"@id":"https:\/\/www.signatech.fr\/#organization"},"potentialAction":[{"@type":"SearchAction","target":{"@type":"EntryPoint","urlTemplate":"https:\/\/www.signatech.fr\/?s={search_term_string}"},"query-input":{"@type":"PropertyValueSpecification","valueRequired":true,"valueName":"search_term_string"}}],"inLanguage":"fr-FR"},{"@type":"Organization","@id":"https:\/\/www.signatech.fr\/#organization","name":"SIGNATECH","url":"https:\/\/www.signatech.fr\/","logo":{"@type":"ImageObject","inLanguage":"fr-FR","@id":"https:\/\/www.signatech.fr\/#\/schema\/logo\/image\/","url":"https:\/\/www.signatech.fr\/wp-content\/uploads\/2025\/06\/Group-11.png","contentUrl":"https:\/\/www.signatech.fr\/wp-content\/uploads\/2025\/06\/Group-11.png","width":96,"height":96,"caption":"SIGNATECH"},"image":{"@id":"https:\/\/www.signatech.fr\/#\/schema\/logo\/image\/"}}]}},"_links":{"self":[{"href":"https:\/\/www.signatech.fr\/index.php\/wp-json\/wp\/v2\/product\/1777","targetHints":{"allow":["GET"]}}],"collection":[{"href":"https:\/\/www.signatech.fr\/index.php\/wp-json\/wp\/v2\/product"}],"about":[{"href":"https:\/\/www.signatech.fr\/index.php\/wp-json\/wp\/v2\/types\/product"}],"replies":[{"embeddable":true,"href":"https:\/\/www.signatech.fr\/index.php\/wp-json\/wp\/v2\/comments?post=1777"}],"wp:featuredmedia":[{"embeddable":true,"href":"https:\/\/www.signatech.fr\/index.php\/wp-json\/wp\/v2\/media\/1358"}],"wp:attachment":[{"href":"https:\/\/www.signatech.fr\/index.php\/wp-json\/wp\/v2\/media?parent=1777"}],"wp:term":[{"taxonomy":"product_brand","embeddable":true,"href":"https:\/\/www.signatech.fr\/index.php\/wp-json\/wp\/v2\/product_brand?post=1777"},{"taxonomy":"product_cat","embeddable":true,"href":"https:\/\/www.signatech.fr\/index.php\/wp-json\/wp\/v2\/product_cat?post=1777"},{"taxonomy":"product_tag","embeddable":true,"href":"https:\/\/www.signatech.fr\/index.php\/wp-json\/wp\/v2\/product_tag?post=1777"}],"curies":[{"name":"wp","href":"https:\/\/api.w.org\/{rel}","templated":true}]}}