{"id":1740,"date":"2025-07-03T16:19:12","date_gmt":"2025-07-03T14:19:12","guid":{"rendered":"https:\/\/www.signatech.fr\/index.php\/produit\/panneau-publicitaire-personnalise-en-pvc-rigide-sur-mesure\/"},"modified":"2025-08-14T16:03:38","modified_gmt":"2025-08-14T14:03:38","slug":"panneau-publicitaire-personnalise-en-pvc-rigide-sur-mesure","status":"publish","type":"product","link":"https:\/\/www.signatech.fr\/index.php\/produit\/panneau-publicitaire-personnalise-en-pvc-rigide-sur-mesure\/","title":{"rendered":"Panneau publicitaire personnalis\u00e9 en PVC rigide sur mesure"},"content":{"rendered":"<p>Panneau publicitaire personnalis\u00e9 en PVC rigide sur mesure Panneau pvc rigide personnalis\u00e9 &#8211; format sur mesure petites et grandes dimensions. D\u00e9couvrez notre solution id\u00e9ale pour r\u00e9pondre \u00e0 vos besoins de communication visuelle. Ce produit est enti\u00e8rement personnalisable selon vos envies et vos contraintes techniques. Pourquoi choisir ce panneau publicitaire personnalis\u00e9 en pvc rigide sur mesure ? Impression haute qualit\u00e9 avec des finitions professionnelles Personnalisation totale (dimensions, visuels, messages) D\u00e9lai de production rapide et livraison partout en France Tarifs d\u00e9gressifs selon les quantit\u00e9s command\u00e9es Applications possibles Ce produit est parfait pour : salons professionnels, points de vente, \u00e9v\u00e9nements, mailing, ou communication interne. Valorisez votre marque avec une impression premium qui capte l\u2019attention. Commandez en ligne facilement Notre interface de commande vous permet de configurer votre produit en quelques clics. Besoin d\u2019un conseil ? Notre \u00e9quipe est \u00e0 votre \u00e9coute pour vous accompagner.<\/p>\n","protected":false},"excerpt":{"rendered":"<p>Panneau PVC rigide personnalis\u00e9 &#8211; format sur mesure petites et grandes dimensions.<\/p>\n","protected":false},"featured_media":1899,"comment_status":"open","ping_status":"closed","template":"","meta":[],"product_brand":[],"product_cat":[427,428,418],"product_tag":[],"class_list":{"0":"post-1740","1":"product","2":"type-product","3":"status-publish","4":"has-post-thumbnail","6":"product_cat-panneaux","7":"product_cat-panneaux-rigides-panneaux","8":"product_cat-signaletique-exterieure","10":"first","11":"instock","12":"shipping-taxable","13":"product-type-simple"},"yoast_head":"<!-- This site is optimized with the Yoast SEO plugin v25.5 - https:\/\/yoast.com\/wordpress\/plugins\/seo\/ -->\n<title>Panneau publicitaire personnalis\u00e9 en PVC rigide sur mesure - SIGNATECH<\/title>\n<meta name=\"robots\" content=\"index, follow, max-snippet:-1, max-image-preview:large, max-video-preview:-1\" \/>\n<link rel=\"canonical\" href=\"https:\/\/www.signatech.fr\/index.php\/produit\/panneau-publicitaire-personnalise-en-pvc-rigide-sur-mesure\/\" \/>\n<meta property=\"og:locale\" content=\"fr_FR\" \/>\n<meta property=\"og:type\" content=\"article\" \/>\n<meta property=\"og:title\" content=\"Panneau publicitaire personnalis\u00e9 en PVC rigide sur mesure - SIGNATECH\" \/>\n<meta property=\"og:description\" content=\"Panneau PVC rigide personnalis\u00e9 - format sur mesure petites et grandes dimensions.\" \/>\n<meta property=\"og:url\" content=\"https:\/\/www.signatech.fr\/index.php\/produit\/panneau-publicitaire-personnalise-en-pvc-rigide-sur-mesure\/\" \/>\n<meta property=\"og:site_name\" content=\"SIGNATECH\" \/>\n<meta property=\"article:modified_time\" content=\"2025-08-14T14:03:38+00:00\" \/>\n<meta property=\"og:image\" content=\"https:\/\/www.signatech.fr\/wp-content\/uploads\/2025\/08\/FU061-panneau-pvc-L-webp-scaled.webp\" \/>\n\t<meta property=\"og:image:width\" content=\"2558\" \/>\n\t<meta property=\"og:image:height\" content=\"2560\" \/>\n\t<meta property=\"og:image:type\" content=\"image\/webp\" \/>\n<meta name=\"twitter:card\" content=\"summary_large_image\" \/>\n<meta name=\"twitter:label1\" content=\"Dur\u00e9e de lecture estim\u00e9e\" \/>\n\t<meta name=\"twitter:data1\" content=\"1 minute\" \/>\n<script type=\"application\/ld+json\" class=\"yoast-schema-graph\">{\"@context\":\"https:\/\/schema.org\",\"@graph\":[{\"@type\":\"WebPage\",\"@id\":\"https:\/\/www.signatech.fr\/index.php\/produit\/panneau-publicitaire-personnalise-en-pvc-rigide-sur-mesure\/\",\"url\":\"https:\/\/www.signatech.fr\/index.php\/produit\/panneau-publicitaire-personnalise-en-pvc-rigide-sur-mesure\/\",\"name\":\"Panneau publicitaire personnalis\u00e9 en PVC rigide sur mesure - SIGNATECH\",\"isPartOf\":{\"@id\":\"https:\/\/www.signatech.fr\/#website\"},\"primaryImageOfPage\":{\"@id\":\"https:\/\/www.signatech.fr\/index.php\/produit\/panneau-publicitaire-personnalise-en-pvc-rigide-sur-mesure\/#primaryimage\"},\"image\":{\"@id\":\"https:\/\/www.signatech.fr\/index.php\/produit\/panneau-publicitaire-personnalise-en-pvc-rigide-sur-mesure\/#primaryimage\"},\"thumbnailUrl\":\"https:\/\/www.signatech.fr\/wp-content\/uploads\/2025\/08\/FU061-panneau-pvc-L-webp-scaled.webp\",\"datePublished\":\"2025-07-03T14:19:12+00:00\",\"dateModified\":\"2025-08-14T14:03:38+00:00\",\"breadcrumb\":{\"@id\":\"https:\/\/www.signatech.fr\/index.php\/produit\/panneau-publicitaire-personnalise-en-pvc-rigide-sur-mesure\/#breadcrumb\"},\"inLanguage\":\"fr-FR\",\"potentialAction\":[{\"@type\":\"ReadAction\",\"target\":[\"https:\/\/www.signatech.fr\/index.php\/produit\/panneau-publicitaire-personnalise-en-pvc-rigide-sur-mesure\/\"]}]},{\"@type\":\"ImageObject\",\"inLanguage\":\"fr-FR\",\"@id\":\"https:\/\/www.signatech.fr\/index.php\/produit\/panneau-publicitaire-personnalise-en-pvc-rigide-sur-mesure\/#primaryimage\",\"url\":\"https:\/\/www.signatech.fr\/wp-content\/uploads\/2025\/08\/FU061-panneau-pvc-L-webp-scaled.webp\",\"contentUrl\":\"https:\/\/www.signatech.fr\/wp-content\/uploads\/2025\/08\/FU061-panneau-pvc-L-webp-scaled.webp\",\"width\":2558,\"height\":2560},{\"@type\":\"BreadcrumbList\",\"@id\":\"https:\/\/www.signatech.fr\/index.php\/produit\/panneau-publicitaire-personnalise-en-pvc-rigide-sur-mesure\/#breadcrumb\",\"itemListElement\":[{\"@type\":\"ListItem\",\"position\":1,\"name\":\"Accueil\",\"item\":\"https:\/\/www.signatech.fr\/\"},{\"@type\":\"ListItem\",\"position\":2,\"name\":\"Produits\",\"item\":\"https:\/\/www.signatech.fr\/index.php\/shop\/\"},{\"@type\":\"ListItem\",\"position\":3,\"name\":\"Panneau publicitaire personnalis\u00e9 en PVC rigide sur mesure\"}]},{\"@type\":\"WebSite\",\"@id\":\"https:\/\/www.signatech.fr\/#website\",\"url\":\"https:\/\/www.signatech.fr\/\",\"name\":\"SIGNATECH\",\"description\":\"\",\"publisher\":{\"@id\":\"https:\/\/www.signatech.fr\/#organization\"},\"potentialAction\":[{\"@type\":\"SearchAction\",\"target\":{\"@type\":\"EntryPoint\",\"urlTemplate\":\"https:\/\/www.signatech.fr\/?s={search_term_string}\"},\"query-input\":{\"@type\":\"PropertyValueSpecification\",\"valueRequired\":true,\"valueName\":\"search_term_string\"}}],\"inLanguage\":\"fr-FR\"},{\"@type\":\"Organization\",\"@id\":\"https:\/\/www.signatech.fr\/#organization\",\"name\":\"SIGNATECH\",\"url\":\"https:\/\/www.signatech.fr\/\",\"logo\":{\"@type\":\"ImageObject\",\"inLanguage\":\"fr-FR\",\"@id\":\"https:\/\/www.signatech.fr\/#\/schema\/logo\/image\/\",\"url\":\"https:\/\/www.signatech.fr\/wp-content\/uploads\/2025\/06\/Group-11.png\",\"contentUrl\":\"https:\/\/www.signatech.fr\/wp-content\/uploads\/2025\/06\/Group-11.png\",\"width\":96,\"height\":96,\"caption\":\"SIGNATECH\"},\"image\":{\"@id\":\"https:\/\/www.signatech.fr\/#\/schema\/logo\/image\/\"}}]}<\/script>\n<!-- \/ Yoast SEO plugin. -->","yoast_head_json":{"title":"Panneau publicitaire personnalis\u00e9 en PVC rigide sur mesure - SIGNATECH","robots":{"index":"index","follow":"follow","max-snippet":"max-snippet:-1","max-image-preview":"max-image-preview:large","max-video-preview":"max-video-preview:-1"},"canonical":"https:\/\/www.signatech.fr\/index.php\/produit\/panneau-publicitaire-personnalise-en-pvc-rigide-sur-mesure\/","og_locale":"fr_FR","og_type":"article","og_title":"Panneau publicitaire personnalis\u00e9 en PVC rigide sur mesure - SIGNATECH","og_description":"Panneau PVC rigide personnalis\u00e9 - format sur mesure petites et grandes dimensions.","og_url":"https:\/\/www.signatech.fr\/index.php\/produit\/panneau-publicitaire-personnalise-en-pvc-rigide-sur-mesure\/","og_site_name":"SIGNATECH","article_modified_time":"2025-08-14T14:03:38+00:00","og_image":[{"width":2558,"height":2560,"url":"https:\/\/www.signatech.fr\/wp-content\/uploads\/2025\/08\/FU061-panneau-pvc-L-webp-scaled.webp","type":"image\/webp"}],"twitter_card":"summary_large_image","twitter_misc":{"Dur\u00e9e de lecture estim\u00e9e":"1 minute"},"schema":{"@context":"https:\/\/schema.org","@graph":[{"@type":"WebPage","@id":"https:\/\/www.signatech.fr\/index.php\/produit\/panneau-publicitaire-personnalise-en-pvc-rigide-sur-mesure\/","url":"https:\/\/www.signatech.fr\/index.php\/produit\/panneau-publicitaire-personnalise-en-pvc-rigide-sur-mesure\/","name":"Panneau publicitaire personnalis\u00e9 en PVC rigide sur mesure - SIGNATECH","isPartOf":{"@id":"https:\/\/www.signatech.fr\/#website"},"primaryImageOfPage":{"@id":"https:\/\/www.signatech.fr\/index.php\/produit\/panneau-publicitaire-personnalise-en-pvc-rigide-sur-mesure\/#primaryimage"},"image":{"@id":"https:\/\/www.signatech.fr\/index.php\/produit\/panneau-publicitaire-personnalise-en-pvc-rigide-sur-mesure\/#primaryimage"},"thumbnailUrl":"https:\/\/www.signatech.fr\/wp-content\/uploads\/2025\/08\/FU061-panneau-pvc-L-webp-scaled.webp","datePublished":"2025-07-03T14:19:12+00:00","dateModified":"2025-08-14T14:03:38+00:00","breadcrumb":{"@id":"https:\/\/www.signatech.fr\/index.php\/produit\/panneau-publicitaire-personnalise-en-pvc-rigide-sur-mesure\/#breadcrumb"},"inLanguage":"fr-FR","potentialAction":[{"@type":"ReadAction","target":["https:\/\/www.signatech.fr\/index.php\/produit\/panneau-publicitaire-personnalise-en-pvc-rigide-sur-mesure\/"]}]},{"@type":"ImageObject","inLanguage":"fr-FR","@id":"https:\/\/www.signatech.fr\/index.php\/produit\/panneau-publicitaire-personnalise-en-pvc-rigide-sur-mesure\/#primaryimage","url":"https:\/\/www.signatech.fr\/wp-content\/uploads\/2025\/08\/FU061-panneau-pvc-L-webp-scaled.webp","contentUrl":"https:\/\/www.signatech.fr\/wp-content\/uploads\/2025\/08\/FU061-panneau-pvc-L-webp-scaled.webp","width":2558,"height":2560},{"@type":"BreadcrumbList","@id":"https:\/\/www.signatech.fr\/index.php\/produit\/panneau-publicitaire-personnalise-en-pvc-rigide-sur-mesure\/#breadcrumb","itemListElement":[{"@type":"ListItem","position":1,"name":"Accueil","item":"https:\/\/www.signatech.fr\/"},{"@type":"ListItem","position":2,"name":"Produits","item":"https:\/\/www.signatech.fr\/index.php\/shop\/"},{"@type":"ListItem","position":3,"name":"Panneau publicitaire personnalis\u00e9 en PVC rigide sur mesure"}]},{"@type":"WebSite","@id":"https:\/\/www.signatech.fr\/#website","url":"https:\/\/www.signatech.fr\/","name":"SIGNATECH","description":"","publisher":{"@id":"https:\/\/www.signatech.fr\/#organization"},"potentialAction":[{"@type":"SearchAction","target":{"@type":"EntryPoint","urlTemplate":"https:\/\/www.signatech.fr\/?s={search_term_string}"},"query-input":{"@type":"PropertyValueSpecification","valueRequired":true,"valueName":"search_term_string"}}],"inLanguage":"fr-FR"},{"@type":"Organization","@id":"https:\/\/www.signatech.fr\/#organization","name":"SIGNATECH","url":"https:\/\/www.signatech.fr\/","logo":{"@type":"ImageObject","inLanguage":"fr-FR","@id":"https:\/\/www.signatech.fr\/#\/schema\/logo\/image\/","url":"https:\/\/www.signatech.fr\/wp-content\/uploads\/2025\/06\/Group-11.png","contentUrl":"https:\/\/www.signatech.fr\/wp-content\/uploads\/2025\/06\/Group-11.png","width":96,"height":96,"caption":"SIGNATECH"},"image":{"@id":"https:\/\/www.signatech.fr\/#\/schema\/logo\/image\/"}}]}},"_links":{"self":[{"href":"https:\/\/www.signatech.fr\/index.php\/wp-json\/wp\/v2\/product\/1740","targetHints":{"allow":["GET"]}}],"collection":[{"href":"https:\/\/www.signatech.fr\/index.php\/wp-json\/wp\/v2\/product"}],"about":[{"href":"https:\/\/www.signatech.fr\/index.php\/wp-json\/wp\/v2\/types\/product"}],"replies":[{"embeddable":true,"href":"https:\/\/www.signatech.fr\/index.php\/wp-json\/wp\/v2\/comments?post=1740"}],"wp:featuredmedia":[{"embeddable":true,"href":"https:\/\/www.signatech.fr\/index.php\/wp-json\/wp\/v2\/media\/1899"}],"wp:attachment":[{"href":"https:\/\/www.signatech.fr\/index.php\/wp-json\/wp\/v2\/media?parent=1740"}],"wp:term":[{"taxonomy":"product_brand","embeddable":true,"href":"https:\/\/www.signatech.fr\/index.php\/wp-json\/wp\/v2\/product_brand?post=1740"},{"taxonomy":"product_cat","embeddable":true,"href":"https:\/\/www.signatech.fr\/index.php\/wp-json\/wp\/v2\/product_cat?post=1740"},{"taxonomy":"product_tag","embeddable":true,"href":"https:\/\/www.signatech.fr\/index.php\/wp-json\/wp\/v2\/product_tag?post=1740"}],"curies":[{"name":"wp","href":"https:\/\/api.w.org\/{rel}","templated":true}]}}